{"id":179,"date":"2019-03-13T06:47:12","date_gmt":"2019-03-13T06:47:12","guid":{"rendered":"http:\/\/localhost\/buildbench\/?page_id=179"},"modified":"2022-04-06T11:47:13","modified_gmt":"2022-04-06T14:47:13","slug":"nossos-servicos","status":"publish","type":"page","link":"https:\/\/www.transfesa.com.br\/?page_id=179","title":{"rendered":"Nossos Servi\u00e7os"},"content":{"rendered":"\t\t<div data-elementor-type=\"wp-post\" data-elementor-id=\"179\" class=\"elementor elementor-179\" data-elementor-post-type=\"page\">\n\t\t\t\t\t\t<section class=\"elementor-section elementor-top-section elementor-element elementor-element-64cb228 elementor-section-boxed elementor-section-height-default elementor-section-height-default\" data-id=\"64cb228\" data-element_type=\"section\" data-e-type=\"section\">\n\t\t\t\t\t\t<div class=\"elementor-container elementor-column-gap-default\">\n\t\t\t\t\t<div class=\"elementor-column elementor-col-100 elementor-top-column elementor-element elementor-element-f3c2ee9\" data-id=\"f3c2ee9\" data-element_type=\"column\" data-e-type=\"column\">\n\t\t\t<div class=\"elementor-widget-wrap elementor-element-populated\">\n\t\t\t\t\t\t<div class=\"elementor-element elementor-element-6cb1a7f elementor-widget elementor-widget-buildbench-title\" data-id=\"6cb1a7f\" data-element_type=\"widget\" data-e-type=\"widget\" data-widget_type=\"buildbench-title.default\">\n\t\t\t\t<div class=\"elementor-widget-container\">\n\t\t\t\t\t\r\n        <div class=\"section-heading-content\">\r\n            <h2 class=\"section-title\">\r\n                <span class=\"sub-title\">Know-How<\/span>\r\n                Nossos Servi\u00e7os                            <\/h2>\r\n        <\/div><!-- Section title -->\r\n\r\n        \t\t\t\t<\/div>\n\t\t\t\t<\/div>\n\t\t\t\t<section class=\"elementor-section elementor-inner-section elementor-element elementor-element-3b3aeb4 elementor-section-boxed elementor-section-height-default elementor-section-height-default\" data-id=\"3b3aeb4\" data-element_type=\"section\" data-e-type=\"section\">\n\t\t\t\t\t\t<div class=\"elementor-container elementor-column-gap-default\">\n\t\t\t\t\t<div class=\"elementor-column elementor-col-33 elementor-inner-column elementor-element elementor-element-22786ae\" data-id=\"22786ae\" data-element_type=\"column\" data-e-type=\"column\">\n\t\t\t<div class=\"elementor-widget-wrap elementor-element-populated\">\n\t\t\t\t\t\t<div class=\"elementor-element elementor-element-6df5e2e elementor-widget elementor-widget-buildbench-service\" data-id=\"6df5e2e\" data-element_type=\"widget\" data-e-type=\"widget\" data-widget_type=\"buildbench-service.default\">\n\t\t\t\t<div class=\"elementor-widget-container\">\n\t\t\t\t\t                                       <div class=\"ts-service\">\n                     <div class=\"ts-service-box \">\n                                                                     <div class=\"srevice-img\">\n                                    <img decoding=\"async\" class=\"img-fluid\" src=\"https:\/\/www.transfesa.com.br\/wp-content\/uploads\/2019\/03\/C-DEPOIS.jpg\">\n                                    <\/div>\n                                                                     <div class=\"ts-service-box-img pull-left\">\n                                                                         \n                                    <\/div>\n                                    <div class=\"ts-service-box-info\">\n                                       <h3 class=\"ts-title\"><a href=\"https:\/\/www.transfesa.com.br\/?ts-service=manutencao-de-locomotivas\">Manuten\u00e7\u00e3o de Locomotivas<\/a><\/h3>\n                                       <p>Mais de 40 anos de experi\u00eancia em manuten\u00e7\u00f5es gerais e revis\u00f5es de Locomotivas<\/p>\n                                 <\/div>\n                     <\/div><!-- Service 2 end -->\n                  <\/div>\n                            \n            \t\t\t\t<\/div>\n\t\t\t\t<\/div>\n\t\t\t\t<div class=\"elementor-element elementor-element-549d863 elementor-widget elementor-widget-buildbench-service\" data-id=\"549d863\" data-element_type=\"widget\" data-e-type=\"widget\" data-widget_type=\"buildbench-service.default\">\n\t\t\t\t<div class=\"elementor-widget-container\">\n\t\t\t\t\t                                       <div class=\"ts-service\">\n                     <div class=\"ts-service-box \">\n                                                                     <div class=\"srevice-img\">\n                                    <img decoding=\"async\" class=\"img-fluid\" src=\"https:\/\/www.transfesa.com.br\/wp-content\/uploads\/2019\/03\/LOCOMOTIVA-TR-1000-LOCADA-EM-TRABALHO-NA-BUNGE-MARINGA.png\">\n                                    <\/div>\n                                                                     <div class=\"ts-service-box-img pull-left\">\n                                                                         \n                                    <\/div>\n                                    <div class=\"ts-service-box-info\">\n                                       <h3 class=\"ts-title\"><a href=\"https:\/\/www.transfesa.com.br\/?ts-service=locacao\">Loca\u00e7\u00e3o e Venda de Locomotivas<\/a><\/h3>\n                                       <p>Loca\u00e7\u00e3o de locomotivas de 500 a 2000 HP\u2019S e equipamentos ferrovi\u00e1rios<\/p>\n                                 <\/div>\n                     <\/div><!-- Service 2 end -->\n                  <\/div>\n                            \n            \t\t\t\t<\/div>\n\t\t\t\t<\/div>\n\t\t\t\t\t<\/div>\n\t\t<\/div>\n\t\t\t\t<div class=\"elementor-column elementor-col-33 elementor-inner-column elementor-element elementor-element-aafa112\" data-id=\"aafa112\" data-element_type=\"column\" data-e-type=\"column\">\n\t\t\t<div class=\"elementor-widget-wrap elementor-element-populated\">\n\t\t\t\t\t\t<div class=\"elementor-element elementor-element-a94efb7 elementor-widget elementor-widget-buildbench-service\" data-id=\"a94efb7\" data-element_type=\"widget\" data-e-type=\"widget\" data-widget_type=\"buildbench-service.default\">\n\t\t\t\t<div class=\"elementor-widget-container\">\n\t\t\t\t\t                                       <div class=\"ts-service\">\n                     <div class=\"ts-service-box \">\n                                                                     <div class=\"srevice-img\">\n                                    <img decoding=\"async\" class=\"img-fluid\" src=\"https:\/\/www.transfesa.com.br\/wp-content\/uploads\/2019\/03\/19.-Manutencao-Vagoes-Eldorado.jpg\">\n                                    <\/div>\n                                                                     <div class=\"ts-service-box-img pull-left\">\n                                                                         \n                                    <\/div>\n                                    <div class=\"ts-service-box-info\">\n                                       <h3 class=\"ts-title\"><a href=\"https:\/\/www.transfesa.com.br\/?ts-service=vagoes\">Manuten\u00e7\u00e3o de Vag\u00f5es<\/a><\/h3>\n                                       <p>Manuten\u00e7\u00e3o de Vag\u00f5es, Reparo, revis\u00e3o e refor\u00e7os estruturais de vag\u00f5es:<\/p>\n                                 <\/div>\n                     <\/div><!-- Service 2 end -->\n                  <\/div>\n                            \n            \t\t\t\t<\/div>\n\t\t\t\t<\/div>\n\t\t\t\t<div class=\"elementor-element elementor-element-1f14aaa elementor-widget elementor-widget-buildbench-service\" data-id=\"1f14aaa\" data-element_type=\"widget\" data-e-type=\"widget\" data-widget_type=\"buildbench-service.default\">\n\t\t\t\t<div class=\"elementor-widget-container\">\n\t\t\t\t\t                                       <div class=\"ts-service\">\n                     <div class=\"ts-service-box \">\n                                                                     <div class=\"srevice-img\">\n                                    <img decoding=\"async\" class=\"img-fluid\" src=\"https:\/\/www.transfesa.com.br\/wp-content\/uploads\/2019\/03\/via-convencionais-sobre-camada-de-lastro-1024x602.jpg\">\n                                    <\/div>\n                                                                     <div class=\"ts-service-box-img pull-left\">\n                                                                         \n                                    <\/div>\n                                    <div class=\"ts-service-box-info\">\n                                       <h3 class=\"ts-title\"><a href=\"https:\/\/www.transfesa.com.br\/?ts-service=vias-ferreas\">Vias F\u00e9rreas<\/a><\/h3>\n                                       <p>Servi\u00e7os de manuten\u00e7\u00e3o, via permanente e obras de arte.<\/p>\n                                 <\/div>\n                     <\/div><!-- Service 2 end -->\n                  <\/div>\n                            \n            \t\t\t\t<\/div>\n\t\t\t\t<\/div>\n\t\t\t\t\t<\/div>\n\t\t<\/div>\n\t\t\t\t<div class=\"elementor-column elementor-col-33 elementor-inner-column elementor-element elementor-element-fbf5ebd\" data-id=\"fbf5ebd\" data-element_type=\"column\" data-e-type=\"column\">\n\t\t\t<div class=\"elementor-widget-wrap elementor-element-populated\">\n\t\t\t\t\t\t<div class=\"elementor-element elementor-element-b76f8fc elementor-widget elementor-widget-buildbench-service\" data-id=\"b76f8fc\" data-element_type=\"widget\" data-e-type=\"widget\" data-widget_type=\"buildbench-service.default\">\n\t\t\t\t<div class=\"elementor-widget-container\">\n\t\t\t\t\t                                       <div class=\"ts-service\">\n                     <div class=\"ts-service-box \">\n                                                                     <div class=\"srevice-img\">\n                                    <img decoding=\"async\" class=\"img-fluid\" src=\"https:\/\/www.transfesa.com.br\/wp-content\/uploads\/2019\/03\/OVERHAUL-DE-MOTOR-GM-E-GE-1024x576.jpg\">\n                                    <\/div>\n                                                                     <div class=\"ts-service-box-img pull-left\">\n                                                                         \n                                    <\/div>\n                                    <div class=\"ts-service-box-info\">\n                                       <h3 class=\"ts-title\"><a href=\"https:\/\/www.transfesa.com.br\/?ts-service=componentes-e-pecas\">Componentes e Pe\u00e7as<\/a><\/h3>\n                                       <p>Pe\u00e7as em geral e recondicionamento de motores e componentes<\/p>\n                                 <\/div>\n                     <\/div><!-- Service 2 end -->\n                  <\/div>\n                            \n            \t\t\t\t<\/div>\n\t\t\t\t<\/div>\n\t\t\t\t<div class=\"elementor-element elementor-element-b9cb288 elementor-widget elementor-widget-buildbench-service\" data-id=\"b9cb288\" data-element_type=\"widget\" data-e-type=\"widget\" data-widget_type=\"buildbench-service.default\">\n\t\t\t\t<div class=\"elementor-widget-container\">\n\t\t\t\t\t                                       <div class=\"ts-service\">\n                     <div class=\"ts-service-box \">\n                                                                     <div class=\"srevice-img\">\n                                    <img decoding=\"async\" class=\"img-fluid\" src=\"https:\/\/www.transfesa.com.br\/wp-content\/uploads\/2019\/03\/15.-Nosso-mais-novo-projeto.webp\">\n                                    <\/div>\n                                                                     <div class=\"ts-service-box-img pull-left\">\n                                                                         \n                                    <\/div>\n                                    <div class=\"ts-service-box-info\">\n                                       <h3 class=\"ts-title\"><a href=\"https:\/\/www.transfesa.com.br\/?ts-service=fabricacao-e-venda-de-locomotivas\">Fabrica\u00e7\u00e3o e Venda de Locomotivas<\/a><\/h3>\n                                       <p>Projetos especiais de locomotivas diesel el\u00e9trica e el\u00e9tricas, para os mais diversos segmentos.<\/p>\n                                 <\/div>\n                     <\/div><!-- Service 2 end -->\n                  <\/div>\n                            \n            \t\t\t\t<\/div>\n\t\t\t\t<\/div>\n\t\t\t\t\t<\/div>\n\t\t<\/div>\n\t\t\t\t\t<\/div>\n\t\t<\/section>\n\t\t\t\t\t<\/div>\n\t\t<\/div>\n\t\t\t\t\t<\/div>\n\t\t<\/section>\n\t\t\t\t<section class=\"elementor-section elementor-top-section elementor-element elementor-element-3d3d485 elementor-section-boxed elementor-section-height-default elementor-section-height-default\" data-id=\"3d3d485\" data-element_type=\"section\" data-e-type=\"section\">\n\t\t\t\t\t\t<div class=\"elementor-container elementor-column-gap-default\">\n\t\t\t\t\t<div class=\"elementor-column elementor-col-100 elementor-top-column elementor-element elementor-element-781244c\" data-id=\"781244c\" data-element_type=\"column\" data-e-type=\"column\">\n\t\t\t<div class=\"elementor-widget-wrap elementor-element-populated\">\n\t\t\t\t\t\t<div class=\"elementor-element elementor-element-68696e3 elementor-widget elementor-widget-buildbench-title\" data-id=\"68696e3\" data-element_type=\"widget\" data-e-type=\"widget\" data-widget_type=\"buildbench-title.default\">\n\t\t\t\t<div class=\"elementor-widget-container\">\n\t\t\t\t\t\r\n        <div class=\"section-heading-content\">\r\n            <h2 class=\"section-title\">\r\n                <span class=\"sub-title\">Clientes<\/span>\r\n                Alguns clientes que confiaram em nosso trabalho                            <\/h2>\r\n        <\/div><!-- Section title -->\r\n\r\n        \t\t\t\t<\/div>\n\t\t\t\t<\/div>\n\t\t\t\t\t<\/div>\n\t\t<\/div>\n\t\t\t\t\t<\/div>\n\t\t<\/section>\n\t\t\t\t<section class=\"elementor-section elementor-top-section elementor-element elementor-element-623fce9 elementor-section-boxed elementor-section-height-default elementor-section-height-default\" data-id=\"623fce9\" data-element_type=\"section\" data-e-type=\"section\">\n\t\t\t\t\t\t<div class=\"elementor-container elementor-column-gap-default\">\n\t\t\t\t\t<div class=\"elementor-column elementor-col-100 elementor-top-column elementor-element elementor-element-283fd30\" data-id=\"283fd30\" data-element_type=\"column\" data-e-type=\"column\">\n\t\t\t<div class=\"elementor-widget-wrap elementor-element-populated\">\n\t\t\t\t\t\t<div class=\"elementor-element elementor-element-39e440e elementor-widget elementor-widget-image-carousel\" data-id=\"39e440e\" data-element_type=\"widget\" data-e-type=\"widget\" data-settings=\"{&quot;slides_to_show&quot;:&quot;5&quot;,&quot;slides_to_scroll&quot;:&quot;1&quot;,&quot;navigation&quot;:&quot;none&quot;,&quot;image_spacing_custom&quot;:{&quot;unit&quot;:&quot;px&quot;,&quot;size&quot;:53,&quot;sizes&quot;:[]},&quot;slides_to_show_tablet&quot;:&quot;3&quot;,&quot;autoplay&quot;:&quot;yes&quot;,&quot;pause_on_hover&quot;:&quot;yes&quot;,&quot;pause_on_interaction&quot;:&quot;yes&quot;,&quot;autoplay_speed&quot;:5000,&quot;infinite&quot;:&quot;yes&quot;,&quot;speed&quot;:500,&quot;image_spacing_custom_tablet&quot;:{&quot;unit&quot;:&quot;px&quot;,&quot;size&quot;:&quot;&quot;,&quot;sizes&quot;:[]},&quot;image_spacing_custom_mobile&quot;:{&quot;unit&quot;:&quot;px&quot;,&quot;size&quot;:&quot;&quot;,&quot;sizes&quot;:[]}}\" data-widget_type=\"image-carousel.default\">\n\t\t\t\t<div class=\"elementor-widget-container\">\n\t\t\t\t\t\t\t<div class=\"elementor-image-carousel-wrapper swiper\" role=\"region\" aria-roledescription=\"carousel\" aria-label=\"Carrossel de imagens\" dir=\"ltr\">\n\t\t\t<div class=\"elementor-image-carousel swiper-wrapper\" aria-live=\"off\">\n\t\t\t\t\t\t\t\t<div class=\"swiper-slide\" role=\"group\" aria-roledescription=\"slide\" aria-label=\"1 de 6\"><figure class=\"swiper-slide-inner\"><img decoding=\"async\" class=\"swiper-slide-image\" src=\"https:\/\/www.transfesa.com.br\/wp-content\/uploads\/2021\/11\/bunge-2.jpg\" alt=\"bunge 2\" \/><\/figure><\/div><div class=\"swiper-slide\" role=\"group\" aria-roledescription=\"slide\" aria-label=\"2 de 6\"><figure class=\"swiper-slide-inner\"><img decoding=\"async\" class=\"swiper-slide-image\" src=\"https:\/\/www.transfesa.com.br\/wp-content\/uploads\/2021\/11\/brasil-ferrovias-2.jpg\" alt=\"brasil-ferrovias-2\" \/><\/figure><\/div><div class=\"swiper-slide\" role=\"group\" aria-roledescription=\"slide\" aria-label=\"3 de 6\"><figure class=\"swiper-slide-inner\"><img decoding=\"async\" class=\"swiper-slide-image\" src=\"https:\/\/www.transfesa.com.br\/wp-content\/uploads\/2021\/11\/rumo-2.jpg\" alt=\"rumo 2\" \/><\/figure><\/div><div class=\"swiper-slide\" role=\"group\" aria-roledescription=\"slide\" aria-label=\"4 de 6\"><figure class=\"swiper-slide-inner\"><img decoding=\"async\" class=\"swiper-slide-image\" src=\"https:\/\/www.transfesa.com.br\/wp-content\/uploads\/2021\/11\/rfssa2.jpg\" alt=\"rfssa2\" \/><\/figure><\/div><div class=\"swiper-slide\" role=\"group\" aria-roledescription=\"slide\" aria-label=\"5 de 6\"><figure class=\"swiper-slide-inner\"><img decoding=\"async\" class=\"swiper-slide-image\" src=\"https:\/\/www.transfesa.com.br\/wp-content\/uploads\/2021\/11\/mrs-2.jpg\" alt=\"mrs 2\" \/><\/figure><\/div><div class=\"swiper-slide\" role=\"group\" aria-roledescription=\"slide\" aria-label=\"6 de 6\"><figure class=\"swiper-slide-inner\"><img decoding=\"async\" class=\"swiper-slide-image\" src=\"https:\/\/www.transfesa.com.br\/wp-content\/uploads\/2021\/11\/eldorado2.jpg\" alt=\"eldorado2\" \/><\/figure><\/div>\t\t\t<\/div>\n\t\t\t\t\t\t\t\n\t\t\t\t\t\t\t\t\t<\/div>\n\t\t\t\t\t\t<\/div>\n\t\t\t\t<\/div>\n\t\t\t\t\t<\/div>\n\t\t<\/div>\n\t\t\t\t\t<\/div>\n\t\t<\/section>\n\t\t\t\t<\/div>\n\t\t","protected":false},"excerpt":{"rendered":"<p>Know-How Nossos Servi\u00e7os Manuten\u00e7\u00e3o de Vag\u00f5es Mais de 40 anos de experi\u00eancia em manuten\u00e7\u00f5es gerais e revis\u00f5es de Locomotivas Loca\u00e7\u00e3o Loca\u00e7\u00e3o de locomotivas de 500 a 2000 HP\u2019S e equipamentos ferrovi\u00e1rios Vag\u00f5es Reparo, revis\u00e3o e refor\u00e7os estruturais de vag\u00f5es: Vias F\u00e9rreas Servi\u00e7os de manuten\u00e7\u00e3o, via permanente e obras de arte. Componentes e Pe\u00e7as Pe\u00e7as em [&hellip;]<\/p>\n","protected":false},"author":1,"featured_media":0,"parent":0,"menu_order":0,"comment_status":"closed","ping_status":"closed","template":"template\/full-width-template.php","meta":{"footnotes":""},"class_list":["post-179","page","type-page","status-publish","hentry"],"_links":{"self":[{"href":"https:\/\/www.transfesa.com.br\/index.php?rest_route=\/wp\/v2\/pages\/179","targetHints":{"allow":["GET"]}}],"collection":[{"href":"https:\/\/www.transfesa.com.br\/index.php?rest_route=\/wp\/v2\/pages"}],"about":[{"href":"https:\/\/www.transfesa.com.br\/index.php?rest_route=\/wp\/v2\/types\/page"}],"author":[{"embeddable":true,"href":"https:\/\/www.transfesa.com.br\/index.php?rest_route=\/wp\/v2\/users\/1"}],"replies":[{"embeddable":true,"href":"https:\/\/www.transfesa.com.br\/index.php?rest_route=%2Fwp%2Fv2%2Fcomments&post=179"}],"version-history":[{"count":5,"href":"https:\/\/www.transfesa.com.br\/index.php?rest_route=\/wp\/v2\/pages\/179\/revisions"}],"predecessor-version":[{"id":2912,"href":"https:\/\/www.transfesa.com.br\/index.php?rest_route=\/wp\/v2\/pages\/179\/revisions\/2912"}],"wp:attachment":[{"href":"https:\/\/www.transfesa.com.br\/index.php?rest_route=%2Fwp%2Fv2%2Fmedia&parent=179"}],"curies":[{"name":"wp","href":"https:\/\/api.w.org\/{rel}","templated":true}]}}